{"id":28871,"date":"2018-05-23T01:46:28","date_gmt":"2018-05-23T08:46:28","guid":{"rendered":"http:\/\/www.delscookingtwist.com\/politique-de-confidentialite\/"},"modified":"2023-05-29T14:59:16","modified_gmt":"2023-05-29T21:59:16","slug":"mentions-legales","status":"publish","type":"page","link":"https:\/\/www.delscookingtwist.com\/fr\/mentions-legales\/","title":{"rendered":"Mentions l\u00e9gales"},"content":{"rendered":"\n<p>La vie priv\u00e9e de nos lecteurs nous est tr\u00e8s importante. Chez Del\u2019s cooking twist, nous ne partageons pas d\u2019informations personnelles avec des tiers.<\/p>\n\n\n\n<p>Nous utilisons des publicit\u00e9s tierces sur ce site Web, qui peuvent stocker votre adresse IP (protocole Internet), votre FAI (fournisseur de services Internet), la date et l\u2019heure, le nombre de clics ou le type de navigateur que vous avez utilis\u00e9. Ceci est fait \u00e0 travers les cookies et consiste simplement \u00e0 optimiser le contenu de la publicit\u00e9 en fonction de votre emplacement et vos int\u00e9r\u00eats. Vous pouvez d\u00e9sactiver l\u2019utilisation des cookies \u00e0 tout moment en modifiant les param\u00e8tres de votre navigateur. Pour plus d\u2019informations sur les cookies, vous pouvez visiter https:\/\/www.aboutcookies.org\/.<\/p>\n\n\n\n<p>Notre site Web ne collecte pas d\u2019informations personnellement identifiables ou d\u2019identifiants persistants aupr\u00e8s de, de fournir une exp\u00e9rience personnalis\u00e9e \u00e0, ou de suivre ou de surveiller les personnes raisonnablement identifi\u00e9es comme visitant notre site de l\u2019Union Europ\u00e9enne.<\/p>\n\n\n\n<p>Nous utilisons Google Analytics pour suivre plus de d\u00e9tails sur la fa\u00e7on dont ce site Web est utilis\u00e9. Nous pouvons analyser l\u2019adresse IP, le type de navigateur, la date et l\u2019heure, les pages visit\u00e9es, le nombre de clics, les pages de renvoi, les pages de sortie et d\u2019autres informations qui ne sont pas personnellement identifiables.<\/p>\n\n\n\n<p>Lorsque vous commentez des posts sur ce site, vous avez la possibilit\u00e9 de laisser une adresse e-mail. Il s\u2019agit simplement de recevoir des r\u00e9ponses ou des r\u00e9ponses directement \u00e0 votre bo\u00eete de r\u00e9ception. Votre adresse e-mail ne sera jamais publi\u00e9e. Vous avez \u00e9galement la possibilit\u00e9 de laisser votre nom. Vous pouvez choisir de laisser votre pr\u00e9nom et votre nom, ou simplement votre pr\u00e9nom. Cette information sera publi\u00e9e.<\/p>\n\n\n\n<h2 class=\"wp-block-heading small\" id=\"h-advertising\">Publicit\u00e9<\/h2>\n\n\n\n<p>This Site is affiliated with CMI Marketing, Inc., d\/b\/a CafeMedia (\u201cCafeMedia\u201d) for the purposes of placing advertising on the Site, and CafeMedia will collect and use certain data for advertising purposes. To learn more about CafeMedia\u2019s data usage, click here:&nbsp;<a href=\"https:\/\/www.cafemedia.com\/publisher-advertising-privacy-policy\" target=\"_blank\" rel=\"noopener noreferrer\">www.cafemedia.com\/publisher-advertising-privacy-policy<\/a><\/p>\n","protected":false},"excerpt":{"rendered":"<p>La vie priv\u00e9e de nos lecteurs nous est tr\u00e8s importante. Chez Del\u2019s cooking twist, nous ne partageons pas d\u2019informations personnelles avec des tiers. Nous utilisons des publicit\u00e9s tierces sur ce site Web, qui peuvent stocker votre adresse IP (protocole Internet), votre FAI (fournisseur de services Internet), la date et l\u2019heure, le nombre de clics ou [&hellip;]<\/p>\n","protected":false},"author":2,"featured_media":0,"parent":0,"menu_order":0,"comment_status":"closed","ping_status":"closed","template":"","meta":{"_acf_changed":false,"_monsterinsights_skip_tracking":false,"_monsterinsights_sitenote_active":false,"_monsterinsights_sitenote_note":"","_monsterinsights_sitenote_category":0,"footnotes":""},"categories":[],"tags":[],"class_list":["post-28871","page","type-page","status-publish","hentry"],"acf":[],"yoast_head":"<!-- This site is optimized with the Yoast SEO Premium plugin v27.5 (Yoast SEO v27.5) - https:\/\/yoast.com\/product\/yoast-seo-premium-wordpress\/ -->\n<title>Mentions l\u00e9gales - Del&#039;s cooking twist<\/title>\n<meta name=\"robots\" content=\"index, follow, max-snippet:-1, max-image-preview:large, max-video-preview:-1\" \/>\n<link rel=\"canonical\" href=\"https:\/\/www.delscookingtwist.com\/fr\/mentions-legales\/\" \/>\n<meta property=\"og:locale\" content=\"fr_FR\" \/>\n<meta property=\"og:type\" content=\"article\" \/>\n<meta property=\"og:title\" content=\"Mentions l\u00e9gales\" \/>\n<meta property=\"og:description\" content=\"La vie priv\u00e9e de nos lecteurs nous est tr\u00e8s importante. Chez Del\u2019s cooking twist, nous ne partageons pas d\u2019informations personnelles avec des tiers. Nous utilisons des publicit\u00e9s tierces sur ce site Web, qui peuvent stocker votre adresse IP (protocole Internet), votre FAI (fournisseur de services Internet), la date et l\u2019heure, le nombre de clics ou [&hellip;]\" \/>\n<meta property=\"og:url\" content=\"https:\/\/www.delscookingtwist.com\/fr\/mentions-legales\/\" \/>\n<meta property=\"og:site_name\" content=\"Del&#039;s cooking twist\" \/>\n<meta property=\"article:publisher\" content=\"https:\/\/www.facebook.com\/pages\/Dels-cooking-twist\/158928514282620\" \/>\n<meta property=\"article:modified_time\" content=\"2023-05-29T21:59:16+00:00\" \/>\n<meta name=\"twitter:card\" content=\"summary_large_image\" \/>\n<meta name=\"twitter:site\" content=\"@delstwist\" \/>\n<meta name=\"twitter:label1\" content=\"Dur\u00e9e de lecture estim\u00e9e\" \/>\n\t<meta name=\"twitter:data1\" content=\"2 minutes\" \/>\n<script type=\"application\/ld+json\" class=\"yoast-schema-graph\">{\"@context\":\"https:\\\/\\\/schema.org\",\"@graph\":[{\"@type\":\"WebPage\",\"@id\":\"https:\\\/\\\/www.delscookingtwist.com\\\/fr\\\/mentions-legales\\\/\",\"url\":\"https:\\\/\\\/www.delscookingtwist.com\\\/fr\\\/mentions-legales\\\/\",\"name\":\"Mentions l\u00e9gales - Del&#039;s cooking twist\",\"isPartOf\":{\"@id\":\"https:\\\/\\\/www.delscookingtwist.com\\\/fr\\\/#website\"},\"datePublished\":\"2018-05-23T08:46:28+00:00\",\"dateModified\":\"2023-05-29T21:59:16+00:00\",\"breadcrumb\":{\"@id\":\"https:\\\/\\\/www.delscookingtwist.com\\\/fr\\\/mentions-legales\\\/#breadcrumb\"},\"inLanguage\":\"fr-FR\",\"potentialAction\":[{\"@type\":\"ReadAction\",\"target\":[\"https:\\\/\\\/www.delscookingtwist.com\\\/fr\\\/mentions-legales\\\/\"]}]},{\"@type\":\"BreadcrumbList\",\"@id\":\"https:\\\/\\\/www.delscookingtwist.com\\\/fr\\\/mentions-legales\\\/#breadcrumb\",\"itemListElement\":[{\"@type\":\"ListItem\",\"position\":1,\"name\":\"Accueil\",\"item\":\"https:\\\/\\\/www.delscookingtwist.com\\\/fr\\\/\"},{\"@type\":\"ListItem\",\"position\":2,\"name\":\"Mentions l\u00e9gales\"}]},{\"@type\":\"WebSite\",\"@id\":\"https:\\\/\\\/www.delscookingtwist.com\\\/fr\\\/#website\",\"url\":\"https:\\\/\\\/www.delscookingtwist.com\\\/fr\\\/\",\"name\":\"Del&#039;s cooking twist\",\"description\":\"Plant-based | Wholesome | Organic\",\"publisher\":{\"@id\":\"https:\\\/\\\/www.delscookingtwist.com\\\/fr\\\/#organization\"},\"potentialAction\":[{\"@type\":\"SearchAction\",\"target\":{\"@type\":\"EntryPoint\",\"urlTemplate\":\"https:\\\/\\\/www.delscookingtwist.com\\\/fr\\\/?s={search_term_string}\"},\"query-input\":{\"@type\":\"PropertyValueSpecification\",\"valueRequired\":true,\"valueName\":\"search_term_string\"}}],\"inLanguage\":\"fr-FR\"},{\"@type\":\"Organization\",\"@id\":\"https:\\\/\\\/www.delscookingtwist.com\\\/fr\\\/#organization\",\"name\":\"Del's cooking twist\",\"url\":\"https:\\\/\\\/www.delscookingtwist.com\\\/fr\\\/\",\"logo\":{\"@type\":\"ImageObject\",\"inLanguage\":\"fr-FR\",\"@id\":\"https:\\\/\\\/www.delscookingtwist.com\\\/fr\\\/#\\\/schema\\\/logo\\\/image\\\/\",\"url\":\"https:\\\/\\\/www.delscookingtwist.com\\\/wp-content\\\/uploads\\\/2021\\\/04\\\/Del_sCookingTwist-1200x1200-1.png\",\"contentUrl\":\"https:\\\/\\\/www.delscookingtwist.com\\\/wp-content\\\/uploads\\\/2021\\\/04\\\/Del_sCookingTwist-1200x1200-1.png\",\"width\":1200,\"height\":1200,\"caption\":\"Del's cooking twist\"},\"image\":{\"@id\":\"https:\\\/\\\/www.delscookingtwist.com\\\/fr\\\/#\\\/schema\\\/logo\\\/image\\\/\"},\"sameAs\":[\"https:\\\/\\\/www.facebook.com\\\/pages\\\/Dels-cooking-twist\\\/158928514282620\",\"https:\\\/\\\/x.com\\\/delstwist\",\"https:\\\/\\\/instagram.com\\\/delscookingtwist\",\"https:\\\/\\\/www.linkedin.com\\\/company\\\/15256060\\\/\",\"https:\\\/\\\/www.pinterest.com\\\/delstwist\\\/\",\"https:\\\/\\\/www.youtube.com\\\/channel\\\/UCX4VXKZduK2vq8vYIe4IxwQ\"]}]}<\/script>\n<!-- \/ Yoast SEO Premium plugin. -->","yoast_head_json":{"title":"Mentions l\u00e9gales - Del&#039;s cooking twist","robots":{"index":"index","follow":"follow","max-snippet":"max-snippet:-1","max-image-preview":"max-image-preview:large","max-video-preview":"max-video-preview:-1"},"canonical":"https:\/\/www.delscookingtwist.com\/fr\/mentions-legales\/","og_locale":"fr_FR","og_type":"article","og_title":"Mentions l\u00e9gales","og_description":"La vie priv\u00e9e de nos lecteurs nous est tr\u00e8s importante. Chez Del\u2019s cooking twist, nous ne partageons pas d\u2019informations personnelles avec des tiers. Nous utilisons des publicit\u00e9s tierces sur ce site Web, qui peuvent stocker votre adresse IP (protocole Internet), votre FAI (fournisseur de services Internet), la date et l\u2019heure, le nombre de clics ou [&hellip;]","og_url":"https:\/\/www.delscookingtwist.com\/fr\/mentions-legales\/","og_site_name":"Del&#039;s cooking twist","article_publisher":"https:\/\/www.facebook.com\/pages\/Dels-cooking-twist\/158928514282620","article_modified_time":"2023-05-29T21:59:16+00:00","twitter_card":"summary_large_image","twitter_site":"@delstwist","twitter_misc":{"Dur\u00e9e de lecture estim\u00e9e":"2 minutes"},"schema":{"@context":"https:\/\/schema.org","@graph":[{"@type":"WebPage","@id":"https:\/\/www.delscookingtwist.com\/fr\/mentions-legales\/","url":"https:\/\/www.delscookingtwist.com\/fr\/mentions-legales\/","name":"Mentions l\u00e9gales - Del&#039;s cooking twist","isPartOf":{"@id":"https:\/\/www.delscookingtwist.com\/fr\/#website"},"datePublished":"2018-05-23T08:46:28+00:00","dateModified":"2023-05-29T21:59:16+00:00","breadcrumb":{"@id":"https:\/\/www.delscookingtwist.com\/fr\/mentions-legales\/#breadcrumb"},"inLanguage":"fr-FR","potentialAction":[{"@type":"ReadAction","target":["https:\/\/www.delscookingtwist.com\/fr\/mentions-legales\/"]}]},{"@type":"BreadcrumbList","@id":"https:\/\/www.delscookingtwist.com\/fr\/mentions-legales\/#breadcrumb","itemListElement":[{"@type":"ListItem","position":1,"name":"Accueil","item":"https:\/\/www.delscookingtwist.com\/fr\/"},{"@type":"ListItem","position":2,"name":"Mentions l\u00e9gales"}]},{"@type":"WebSite","@id":"https:\/\/www.delscookingtwist.com\/fr\/#website","url":"https:\/\/www.delscookingtwist.com\/fr\/","name":"Del&#039;s cooking twist","description":"Plant-based | Wholesome | Organic","publisher":{"@id":"https:\/\/www.delscookingtwist.com\/fr\/#organization"},"potentialAction":[{"@type":"SearchAction","target":{"@type":"EntryPoint","urlTemplate":"https:\/\/www.delscookingtwist.com\/fr\/?s={search_term_string}"},"query-input":{"@type":"PropertyValueSpecification","valueRequired":true,"valueName":"search_term_string"}}],"inLanguage":"fr-FR"},{"@type":"Organization","@id":"https:\/\/www.delscookingtwist.com\/fr\/#organization","name":"Del's cooking twist","url":"https:\/\/www.delscookingtwist.com\/fr\/","logo":{"@type":"ImageObject","inLanguage":"fr-FR","@id":"https:\/\/www.delscookingtwist.com\/fr\/#\/schema\/logo\/image\/","url":"https:\/\/www.delscookingtwist.com\/wp-content\/uploads\/2021\/04\/Del_sCookingTwist-1200x1200-1.png","contentUrl":"https:\/\/www.delscookingtwist.com\/wp-content\/uploads\/2021\/04\/Del_sCookingTwist-1200x1200-1.png","width":1200,"height":1200,"caption":"Del's cooking twist"},"image":{"@id":"https:\/\/www.delscookingtwist.com\/fr\/#\/schema\/logo\/image\/"},"sameAs":["https:\/\/www.facebook.com\/pages\/Dels-cooking-twist\/158928514282620","https:\/\/x.com\/delstwist","https:\/\/instagram.com\/delscookingtwist","https:\/\/www.linkedin.com\/company\/15256060\/","https:\/\/www.pinterest.com\/delstwist\/","https:\/\/www.youtube.com\/channel\/UCX4VXKZduK2vq8vYIe4IxwQ"]}]}},"_links":{"self":[{"href":"https:\/\/www.delscookingtwist.com\/fr\/wp-json\/wp\/v2\/pages\/28871","targetHints":{"allow":["GET"]}}],"collection":[{"href":"https:\/\/www.delscookingtwist.com\/fr\/wp-json\/wp\/v2\/pages"}],"about":[{"href":"https:\/\/www.delscookingtwist.com\/fr\/wp-json\/wp\/v2\/types\/page"}],"author":[{"embeddable":true,"href":"https:\/\/www.delscookingtwist.com\/fr\/wp-json\/wp\/v2\/users\/2"}],"replies":[{"embeddable":true,"href":"https:\/\/www.delscookingtwist.com\/fr\/wp-json\/wp\/v2\/comments?post=28871"}],"version-history":[{"count":0,"href":"https:\/\/www.delscookingtwist.com\/fr\/wp-json\/wp\/v2\/pages\/28871\/revisions"}],"wp:attachment":[{"href":"https:\/\/www.delscookingtwist.com\/fr\/wp-json\/wp\/v2\/media?parent=28871"}],"wp:term":[{"taxonomy":"category","embeddable":true,"href":"https:\/\/www.delscookingtwist.com\/fr\/wp-json\/wp\/v2\/categories?post=28871"},{"taxonomy":"post_tag","embeddable":true,"href":"https:\/\/www.delscookingtwist.com\/fr\/wp-json\/wp\/v2\/tags?post=28871"}],"curies":[{"name":"wp","href":"https:\/\/api.w.org\/{rel}","templated":true}]}}