{"id":28867,"date":"2016-11-30T21:49:20","date_gmt":"2016-12-01T05:49:20","guid":{"rendered":"http:\/\/www.delscookingtwist.com\/mes-livres\/"},"modified":"2024-08-12T16:43:37","modified_gmt":"2024-08-12T23:43:37","slug":"un-e-book-gratuit-pour-vous","status":"publish","type":"page","link":"https:\/\/www.delscookingtwist.com\/fr\/un-e-book-gratuit-pour-vous\/","title":{"rendered":"E-book"},"content":{"rendered":"\n<div class=\"wp-block-media-text mainsection breaknarrow alignwide has-media-on-the-right is-stacked-on-mobile is-vertically-aligned-top\"><div class=\"wp-block-media-text__content\">\n<h1 class=\"wp-block-heading\" id=\"h-mon-e-book\">Mon e-book<\/h1>\n\n\n\n<p>L&#8217;id\u00e9e d&#8217;un esprit sain dans un corps sain passe avant tout par une alimentation saine et vari\u00e9e, \u00e0 base d&#8217;ingr\u00e9dients frais et non transform\u00e9s, et faisant la part belle aux fruits, l\u00e9gumes et l\u00e9gumineuses. Les recettes que vous retrouverez dans cet e-book reposent sur ce principe d&#8217;\u00e9quilibre sur le plan nutritionnel, avec cette id\u00e9e de tendre vers une alimentation plus v\u00e9g\u00e9tarienne au quotidien. Le cas \u00e9ch\u00e9ant, vous retrouverez des recettes \u00e9tiquet\u00e9es v\u00e9g\u00e9tariennes (VG), vegan (V), sans gluten (GF) ou sans lactose (LF). Du petit d\u00e9jeuner au dessert, en passant par des plats familiaux, vous y retrouverez toute l&#8217;inspiration pour vous lancer en cuisine sur des bases nouvelles et tr\u00e8s savoureuses. <\/p>\n\n\n\n<p>J&#8217;ai con\u00e7u cet e-book en remerciement pour mes lecteurs et lectrices fid\u00e8les aux recettes de Del&#8217;s cooking twist. C&#8217;est pourquoi l&#8217;e-book 25 recettes healthy + veggies est enti\u00e8rement gratuit !<\/p>\n\n\n\n<p>J&#8217;esp\u00e8re qu&#8217;il vous plaira !<\/p>\n\n\n\n<figure class=\"wp-block-image size-large\"><img decoding=\"async\" width=\"83\" height=\"40\" sizes=\"(max-width:641px) calc(100vw - 40px), 680px\" src=\"https:\/\/www.delscookingtwist.com\/wp-content\/uploads\/2023\/05\/del-1.svg\" alt=\"\" class=\"wp-image-49853\"\/><\/figure>\n<\/div><figure class=\"wp-block-media-text__media\" style=\"max-width:680px\"><img decoding=\"async\" width=\"730\" height=\"1033\" sizes=\"(max-width:641px) calc(100vw - 40px), 680px\" src=\"https:\/\/www.delscookingtwist.com\/wp-content\/uploads\/2024\/08\/Ebook-25-recettes-healthy-et-veggies-Cover-730x1033.jpg\" alt=\"Les recettes que vous retrouverez dans cet e-book reposent sur ce principe d\u2019\u00e9quilibre sur le plan nutritionnel, avec cette id\u00e9e de tendre vers une alimentation plus v\u00e9g\u00e9tarienne au quotidien.\" class=\"wp-image-52480 size-full\" srcset=\"https:\/\/www.delscookingtwist.com\/wp-content\/uploads\/2024\/08\/Ebook-25-recettes-healthy-et-veggies-Cover-730x1033.jpg 730w, https:\/\/www.delscookingtwist.com\/wp-content\/uploads\/2024\/08\/Ebook-25-recettes-healthy-et-veggies-Cover-560x792.jpg 560w, https:\/\/www.delscookingtwist.com\/wp-content\/uploads\/2024\/08\/Ebook-25-recettes-healthy-et-veggies-Cover-768x1086.jpg 768w, https:\/\/www.delscookingtwist.com\/wp-content\/uploads\/2024\/08\/Ebook-25-recettes-healthy-et-veggies-Cover-1086x1536.jpg 1086w, https:\/\/www.delscookingtwist.com\/wp-content\/uploads\/2024\/08\/Ebook-25-recettes-healthy-et-veggies-Cover.jpg 1200w\" \/><\/figure><\/div>\n\n\n\n<h2 class=\"wp-block-heading\" id=\"h-a-retrouver-dans-l-e-book\">\u00c0 retrouver dans l&#8217;e-book<\/h2>\n\n\n\n<ul class=\"wp-block-list  is-style-check-horz breaknarrow\">\n<li>Recettes pr\u00e9f\u00e9r\u00e9es des lecteurs<\/li>\n\n\n\n<li>25 recettes v\u00e9g\u00e9tariennes<\/li>\n\n\n\n<li>Petits d\u00e9jeuners, plats et desserts<\/li>\n\n\n\n<li>R\u00e9gimes sp\u00e9ciaux disponibles <\/li>\n\n\n\n<li>Liens vers les vid\u00e9os des recettes<\/li>\n<\/ul>\n\n\n<\/div><\/div><\/div><div class=\"bodysection bodysection-lightpink\"><div class=\"container notop nobot\"><div class=\"narrow\">\n\n\n<div class=\"wp-block-media-text mainsection breaknarrow alignwide has-media-on-the-right is-stacked-on-mobile\"><div class=\"wp-block-media-text__content\">\n<h2 class=\"wp-block-heading\" id=\"h-comment-recevoir-l-e-book\">Comment recevoir l&#8217;e-book<\/h2>\n\n\n\n<p>Abonnez-vous \u00e0 la newsletter et recevez votre e-book gratuit intitul\u00e9 &#8220;25 recettes healthy + veggies&#8221;. Vous recevrez \u00e9galement notre newsletter hebdomadaire avec le meilleur de Del&#8217;s cooking twist, des recettes de saison, et bien plus encore !<\/p>\n\n\n<div class=\"customckform customckform-horz\">\r\n    <script async data-uid=\"4c22087db2\" src=\"https:\/\/delscookingtwist.ck.page\/4c22087db2\/index.js\"><\/script><\/div><\/div><figure class=\"wp-block-media-text__media\" style=\"max-width:680px\"><img decoding=\"async\" width=\"730\" height=\"411\" sizes=\"(max-width:641px) calc(100vw - 40px), 680px\" src=\"https:\/\/www.delscookingtwist.com\/wp-content\/uploads\/2024\/08\/ebook-2-fr-1-730x411.png\" alt=\"Les recettes que vous retrouverez dans cet e-book reposent sur ce principe d\u2019\u00e9quilibre sur le plan nutritionnel, avec cette id\u00e9e de tendre vers une alimentation plus v\u00e9g\u00e9tarienne au quotidien.\" class=\"wp-image-52484 size-full\" srcset=\"https:\/\/www.delscookingtwist.com\/wp-content\/uploads\/2024\/08\/ebook-2-fr-1-730x411.png 730w, https:\/\/www.delscookingtwist.com\/wp-content\/uploads\/2024\/08\/ebook-2-fr-1-560x315.png 560w, https:\/\/www.delscookingtwist.com\/wp-content\/uploads\/2024\/08\/ebook-2-fr-1-768x432.png 768w, https:\/\/www.delscookingtwist.com\/wp-content\/uploads\/2024\/08\/ebook-2-fr-1.png 1460w\" \/><\/figure><\/div>\n\n\n<\/div><\/div><\/div><div class=\"bodysection bodysection-white\"><div class=\"container notop nobot\"><div class=\"narrow\">","protected":false},"excerpt":{"rendered":"<p>\u00c0 retrouver dans l&#8217;e-book<\/p>\n","protected":false},"author":1,"featured_media":0,"parent":0,"menu_order":0,"comment_status":"closed","ping_status":"closed","template":"","meta":{"_acf_changed":false,"_monsterinsights_skip_tracking":false,"_monsterinsights_sitenote_active":false,"_monsterinsights_sitenote_note":"","_monsterinsights_sitenote_category":0,"footnotes":""},"categories":[],"tags":[],"class_list":["post-28867","page","type-page","status-publish","hentry"],"acf":[],"yoast_head":"<!-- This site is optimized with the Yoast SEO Premium plugin v27.4 (Yoast SEO v27.4) - https:\/\/yoast.com\/product\/yoast-seo-premium-wordpress\/ -->\n<title>25 recettes healthy et veggies (e-book) - Del&#039;s cooking twist<\/title>\n<meta name=\"description\" content=\"Le livre 25 recettes healthy + veggies comprend des recettes choisies du site qui comptent parmi les pr\u00e9f\u00e9r\u00e9es des lecteurs.\" \/>\n<meta name=\"robots\" content=\"index, follow, max-snippet:-1, max-image-preview:large, max-video-preview:-1\" \/>\n<link rel=\"canonical\" href=\"https:\/\/www.delscookingtwist.com\/fr\/un-e-book-gratuit-pour-vous\/\" \/>\n<meta property=\"og:locale\" content=\"fr_FR\" \/>\n<meta property=\"og:type\" content=\"article\" \/>\n<meta property=\"og:title\" content=\"E-book\" \/>\n<meta property=\"og:description\" content=\"Le livre 25 recettes healthy + veggies comprend des recettes choisies du site qui comptent parmi les pr\u00e9f\u00e9r\u00e9es des lecteurs.\" \/>\n<meta property=\"og:url\" content=\"https:\/\/www.delscookingtwist.com\/fr\/un-e-book-gratuit-pour-vous\/\" \/>\n<meta property=\"og:site_name\" content=\"Del&#039;s cooking twist\" \/>\n<meta property=\"article:publisher\" content=\"https:\/\/www.facebook.com\/pages\/Dels-cooking-twist\/158928514282620\" \/>\n<meta property=\"article:modified_time\" content=\"2024-08-12T23:43:37+00:00\" \/>\n<meta name=\"twitter:card\" content=\"summary_large_image\" \/>\n<meta name=\"twitter:site\" content=\"@delstwist\" \/>\n<meta name=\"twitter:label1\" content=\"Dur\u00e9e de lecture estim\u00e9e\" \/>\n\t<meta name=\"twitter:data1\" content=\"2 minutes\" \/>\n<script type=\"application\/ld+json\" class=\"yoast-schema-graph\">{\"@context\":\"https:\\\/\\\/schema.org\",\"@graph\":[{\"@type\":\"WebPage\",\"@id\":\"https:\\\/\\\/www.delscookingtwist.com\\\/fr\\\/un-e-book-gratuit-pour-vous\\\/\",\"url\":\"https:\\\/\\\/www.delscookingtwist.com\\\/fr\\\/un-e-book-gratuit-pour-vous\\\/\",\"name\":\"25 recettes healthy et veggies (e-book) - Del&#039;s cooking twist\",\"isPartOf\":{\"@id\":\"https:\\\/\\\/www.delscookingtwist.com\\\/fr\\\/#website\"},\"primaryImageOfPage\":{\"@id\":\"https:\\\/\\\/www.delscookingtwist.com\\\/fr\\\/un-e-book-gratuit-pour-vous\\\/#primaryimage\"},\"image\":{\"@id\":\"https:\\\/\\\/www.delscookingtwist.com\\\/fr\\\/un-e-book-gratuit-pour-vous\\\/#primaryimage\"},\"thumbnailUrl\":\"https:\\\/\\\/www.delscookingtwist.com\\\/wp-content\\\/uploads\\\/2023\\\/05\\\/del-1.svg\",\"datePublished\":\"2016-12-01T05:49:20+00:00\",\"dateModified\":\"2024-08-12T23:43:37+00:00\",\"description\":\"Le livre 25 recettes healthy + veggies comprend des recettes choisies du site qui comptent parmi les pr\u00e9f\u00e9r\u00e9es des lecteurs.\",\"breadcrumb\":{\"@id\":\"https:\\\/\\\/www.delscookingtwist.com\\\/fr\\\/un-e-book-gratuit-pour-vous\\\/#breadcrumb\"},\"inLanguage\":\"fr-FR\",\"potentialAction\":[{\"@type\":\"ReadAction\",\"target\":[\"https:\\\/\\\/www.delscookingtwist.com\\\/fr\\\/un-e-book-gratuit-pour-vous\\\/\"]}]},{\"@type\":\"ImageObject\",\"inLanguage\":\"fr-FR\",\"@id\":\"https:\\\/\\\/www.delscookingtwist.com\\\/fr\\\/un-e-book-gratuit-pour-vous\\\/#primaryimage\",\"url\":\"https:\\\/\\\/www.delscookingtwist.com\\\/wp-content\\\/uploads\\\/2023\\\/05\\\/del-1.svg\",\"contentUrl\":\"https:\\\/\\\/www.delscookingtwist.com\\\/wp-content\\\/uploads\\\/2023\\\/05\\\/del-1.svg\"},{\"@type\":\"BreadcrumbList\",\"@id\":\"https:\\\/\\\/www.delscookingtwist.com\\\/fr\\\/un-e-book-gratuit-pour-vous\\\/#breadcrumb\",\"itemListElement\":[{\"@type\":\"ListItem\",\"position\":1,\"name\":\"Accueil\",\"item\":\"https:\\\/\\\/www.delscookingtwist.com\\\/fr\\\/\"},{\"@type\":\"ListItem\",\"position\":2,\"name\":\"E-book\"}]},{\"@type\":\"WebSite\",\"@id\":\"https:\\\/\\\/www.delscookingtwist.com\\\/fr\\\/#website\",\"url\":\"https:\\\/\\\/www.delscookingtwist.com\\\/fr\\\/\",\"name\":\"Del&#039;s cooking twist\",\"description\":\"Plant-based | Wholesome | Organic\",\"publisher\":{\"@id\":\"https:\\\/\\\/www.delscookingtwist.com\\\/fr\\\/#organization\"},\"potentialAction\":[{\"@type\":\"SearchAction\",\"target\":{\"@type\":\"EntryPoint\",\"urlTemplate\":\"https:\\\/\\\/www.delscookingtwist.com\\\/fr\\\/?s={search_term_string}\"},\"query-input\":{\"@type\":\"PropertyValueSpecification\",\"valueRequired\":true,\"valueName\":\"search_term_string\"}}],\"inLanguage\":\"fr-FR\"},{\"@type\":\"Organization\",\"@id\":\"https:\\\/\\\/www.delscookingtwist.com\\\/fr\\\/#organization\",\"name\":\"Del's cooking twist\",\"url\":\"https:\\\/\\\/www.delscookingtwist.com\\\/fr\\\/\",\"logo\":{\"@type\":\"ImageObject\",\"inLanguage\":\"fr-FR\",\"@id\":\"https:\\\/\\\/www.delscookingtwist.com\\\/fr\\\/#\\\/schema\\\/logo\\\/image\\\/\",\"url\":\"https:\\\/\\\/www.delscookingtwist.com\\\/wp-content\\\/uploads\\\/2021\\\/04\\\/Del_sCookingTwist-1200x1200-1.png\",\"contentUrl\":\"https:\\\/\\\/www.delscookingtwist.com\\\/wp-content\\\/uploads\\\/2021\\\/04\\\/Del_sCookingTwist-1200x1200-1.png\",\"width\":1200,\"height\":1200,\"caption\":\"Del's cooking twist\"},\"image\":{\"@id\":\"https:\\\/\\\/www.delscookingtwist.com\\\/fr\\\/#\\\/schema\\\/logo\\\/image\\\/\"},\"sameAs\":[\"https:\\\/\\\/www.facebook.com\\\/pages\\\/Dels-cooking-twist\\\/158928514282620\",\"https:\\\/\\\/x.com\\\/delstwist\",\"https:\\\/\\\/instagram.com\\\/delscookingtwist\",\"https:\\\/\\\/www.linkedin.com\\\/company\\\/15256060\\\/\",\"https:\\\/\\\/www.pinterest.com\\\/delstwist\\\/\",\"https:\\\/\\\/www.youtube.com\\\/channel\\\/UCX4VXKZduK2vq8vYIe4IxwQ\"]}]}<\/script>\n<!-- \/ Yoast SEO Premium plugin. -->","yoast_head_json":{"title":"25 recettes healthy et veggies (e-book) - Del&#039;s cooking twist","description":"Le livre 25 recettes healthy + veggies comprend des recettes choisies du site qui comptent parmi les pr\u00e9f\u00e9r\u00e9es des lecteurs.","robots":{"index":"index","follow":"follow","max-snippet":"max-snippet:-1","max-image-preview":"max-image-preview:large","max-video-preview":"max-video-preview:-1"},"canonical":"https:\/\/www.delscookingtwist.com\/fr\/un-e-book-gratuit-pour-vous\/","og_locale":"fr_FR","og_type":"article","og_title":"E-book","og_description":"Le livre 25 recettes healthy + veggies comprend des recettes choisies du site qui comptent parmi les pr\u00e9f\u00e9r\u00e9es des lecteurs.","og_url":"https:\/\/www.delscookingtwist.com\/fr\/un-e-book-gratuit-pour-vous\/","og_site_name":"Del&#039;s cooking twist","article_publisher":"https:\/\/www.facebook.com\/pages\/Dels-cooking-twist\/158928514282620","article_modified_time":"2024-08-12T23:43:37+00:00","twitter_card":"summary_large_image","twitter_site":"@delstwist","twitter_misc":{"Dur\u00e9e de lecture estim\u00e9e":"2 minutes"},"schema":{"@context":"https:\/\/schema.org","@graph":[{"@type":"WebPage","@id":"https:\/\/www.delscookingtwist.com\/fr\/un-e-book-gratuit-pour-vous\/","url":"https:\/\/www.delscookingtwist.com\/fr\/un-e-book-gratuit-pour-vous\/","name":"25 recettes healthy et veggies (e-book) - Del&#039;s cooking twist","isPartOf":{"@id":"https:\/\/www.delscookingtwist.com\/fr\/#website"},"primaryImageOfPage":{"@id":"https:\/\/www.delscookingtwist.com\/fr\/un-e-book-gratuit-pour-vous\/#primaryimage"},"image":{"@id":"https:\/\/www.delscookingtwist.com\/fr\/un-e-book-gratuit-pour-vous\/#primaryimage"},"thumbnailUrl":"https:\/\/www.delscookingtwist.com\/wp-content\/uploads\/2023\/05\/del-1.svg","datePublished":"2016-12-01T05:49:20+00:00","dateModified":"2024-08-12T23:43:37+00:00","description":"Le livre 25 recettes healthy + veggies comprend des recettes choisies du site qui comptent parmi les pr\u00e9f\u00e9r\u00e9es des lecteurs.","breadcrumb":{"@id":"https:\/\/www.delscookingtwist.com\/fr\/un-e-book-gratuit-pour-vous\/#breadcrumb"},"inLanguage":"fr-FR","potentialAction":[{"@type":"ReadAction","target":["https:\/\/www.delscookingtwist.com\/fr\/un-e-book-gratuit-pour-vous\/"]}]},{"@type":"ImageObject","inLanguage":"fr-FR","@id":"https:\/\/www.delscookingtwist.com\/fr\/un-e-book-gratuit-pour-vous\/#primaryimage","url":"https:\/\/www.delscookingtwist.com\/wp-content\/uploads\/2023\/05\/del-1.svg","contentUrl":"https:\/\/www.delscookingtwist.com\/wp-content\/uploads\/2023\/05\/del-1.svg"},{"@type":"BreadcrumbList","@id":"https:\/\/www.delscookingtwist.com\/fr\/un-e-book-gratuit-pour-vous\/#breadcrumb","itemListElement":[{"@type":"ListItem","position":1,"name":"Accueil","item":"https:\/\/www.delscookingtwist.com\/fr\/"},{"@type":"ListItem","position":2,"name":"E-book"}]},{"@type":"WebSite","@id":"https:\/\/www.delscookingtwist.com\/fr\/#website","url":"https:\/\/www.delscookingtwist.com\/fr\/","name":"Del&#039;s cooking twist","description":"Plant-based | Wholesome | Organic","publisher":{"@id":"https:\/\/www.delscookingtwist.com\/fr\/#organization"},"potentialAction":[{"@type":"SearchAction","target":{"@type":"EntryPoint","urlTemplate":"https:\/\/www.delscookingtwist.com\/fr\/?s={search_term_string}"},"query-input":{"@type":"PropertyValueSpecification","valueRequired":true,"valueName":"search_term_string"}}],"inLanguage":"fr-FR"},{"@type":"Organization","@id":"https:\/\/www.delscookingtwist.com\/fr\/#organization","name":"Del's cooking twist","url":"https:\/\/www.delscookingtwist.com\/fr\/","logo":{"@type":"ImageObject","inLanguage":"fr-FR","@id":"https:\/\/www.delscookingtwist.com\/fr\/#\/schema\/logo\/image\/","url":"https:\/\/www.delscookingtwist.com\/wp-content\/uploads\/2021\/04\/Del_sCookingTwist-1200x1200-1.png","contentUrl":"https:\/\/www.delscookingtwist.com\/wp-content\/uploads\/2021\/04\/Del_sCookingTwist-1200x1200-1.png","width":1200,"height":1200,"caption":"Del's cooking twist"},"image":{"@id":"https:\/\/www.delscookingtwist.com\/fr\/#\/schema\/logo\/image\/"},"sameAs":["https:\/\/www.facebook.com\/pages\/Dels-cooking-twist\/158928514282620","https:\/\/x.com\/delstwist","https:\/\/instagram.com\/delscookingtwist","https:\/\/www.linkedin.com\/company\/15256060\/","https:\/\/www.pinterest.com\/delstwist\/","https:\/\/www.youtube.com\/channel\/UCX4VXKZduK2vq8vYIe4IxwQ"]}]}},"_links":{"self":[{"href":"https:\/\/www.delscookingtwist.com\/fr\/wp-json\/wp\/v2\/pages\/28867","targetHints":{"allow":["GET"]}}],"collection":[{"href":"https:\/\/www.delscookingtwist.com\/fr\/wp-json\/wp\/v2\/pages"}],"about":[{"href":"https:\/\/www.delscookingtwist.com\/fr\/wp-json\/wp\/v2\/types\/page"}],"author":[{"embeddable":true,"href":"https:\/\/www.delscookingtwist.com\/fr\/wp-json\/wp\/v2\/users\/1"}],"replies":[{"embeddable":true,"href":"https:\/\/www.delscookingtwist.com\/fr\/wp-json\/wp\/v2\/comments?post=28867"}],"version-history":[{"count":0,"href":"https:\/\/www.delscookingtwist.com\/fr\/wp-json\/wp\/v2\/pages\/28867\/revisions"}],"wp:attachment":[{"href":"https:\/\/www.delscookingtwist.com\/fr\/wp-json\/wp\/v2\/media?parent=28867"}],"wp:term":[{"taxonomy":"category","embeddable":true,"href":"https:\/\/www.delscookingtwist.com\/fr\/wp-json\/wp\/v2\/categories?post=28867"},{"taxonomy":"post_tag","embeddable":true,"href":"https:\/\/www.delscookingtwist.com\/fr\/wp-json\/wp\/v2\/tags?post=28867"}],"curies":[{"name":"wp","href":"https:\/\/api.w.org\/{rel}","templated":true}]}}