{"id":28846,"date":"2013-09-08T21:51:08","date_gmt":"2013-09-09T04:51:08","guid":{"rendered":"http:\/\/www.delscookingtwist.com\/letrange-soupe-inventee-par-mon-ancetre\/"},"modified":"2021-04-19T13:42:33","modified_gmt":"2021-04-19T20:42:33","slug":"letrange-soupe-inventee-par-mon-ancetre","status":"publish","type":"page","link":"https:\/\/www.delscookingtwist.com\/fr\/letrange-soupe-inventee-par-mon-ancetre\/","title":{"rendered":"L&#8217;\u00e9trange soupe invent\u00e9e par mon anc\u00eatre"},"content":{"rendered":"<p>J&#8217;avais l&#8217;intention de vous d\u00e9voiler le secret de la soupe un peu plus t\u00f4t, mais c&#8217;\u00e9tait sans compter sur le temps magnifique que nous r\u00e9servait le week-end qui vient de s&#8217;\u00e9couler. Alors que les journ\u00e9es sont habituellement de plus en plus courtes et nettement plus fra\u00eeches en septembre, cette fois-ci l&#8217;\u00e9t\u00e9 semble avoir jou\u00e9 les prolongations, avec son lot de chaleur et de soleil, et c&#8217;est dans l&#8217;archipel avec des amis que nous avons eu la chance d&#8217;en profiter. Mais je ne vous ai pas oubli\u00e9s, et j&#8217;esp\u00e8re que vous \u00eates tout autant impatients que moi \u00e0 l&#8217;id\u00e9e de d\u00e9couvrir la soupe en question !<\/p>\n<p>Comme je vous le disais, j&#8217;ai appris r\u00e9cemment que l&#8217;un de mes anc\u00eatres s&#8217;est fait remarquer en inventant une soupe bien particuli\u00e8re, qui in fine le conduisit \u00e0 devenir le cuisinier officiel de la court d&#8217;Angleterre. Tout cela s&#8217;est d\u00e9roul\u00e9 sous le r\u00e8gne de Victoria et apparemment, la fameuse soupe aurait \u00e9t\u00e9&#8230; une soupe \u00e0 la tortue !!! J&#8217;imagine que cela vous para\u00eet tout aussi bizarre qu&#8217;\u00e0 moi ! Pour cette raison, j&#8217;ai trouv\u00e9 bien plus sage de partager avec vous ma recette de\u00a0<a href=\"https:\/\/www.delscookingtwist.com\/fr\/soupe-detox-de-brocolis-lentilles-au-cumin\/\" rel=\"\">Soupe d\u00e9tox de brocolis &amp; lentilles au cumin<\/a>\u00a0pour vous conter cette histoire (d&#8217;autant qu&#8217;il me semble que la tortue est d\u00e9sormais une esp\u00e8ce prot\u00e9g\u00e9e).<\/p>\n<p><a href=\"https:\/\/www.delscookingtwist.com\/wp-content\/uploads\/2013\/09\/turtle_by_dorrenyta-d429ers2.jpg\"><img decoding=\"async\" class=\"aligncenter size-thumbnail wp-image-1918\" src=\"https:\/\/www.delscookingtwist.com\/wp-content\/uploads\/2013\/09\/turtle_by_dorrenyta-d429ers2-300x150.jpg\" alt=\"turtle_by_dorrenyta-d429ers\" width=\"300\" height=\"150\" \/><\/a><\/p>\n<p>Quoi qu&#8217;il en soit, je tiens \u00e0 remercier ma famille pour les recherches g\u00e9n\u00e9alogiques qui ont about it \u00e0 cette amusante d\u00e9couverte, et tout particuli\u00e8rement ma cousine Anne. Elle m&#8217;a appris que nous disposions \u00e9galement d&#8217;une photo de bo\u00eete de conserve contenant cette \u00e9trange soupe. Je n&#8217;ai pas encore eu la chance de l&#8217;avoir entre mes mains, mais je ne manquerai pas de la partager avec vous d\u00e8s que possible !<\/p>\n","protected":false},"excerpt":{"rendered":"<p>J&#8217;avais l&#8217;intention de vous d\u00e9voiler le secret de la soupe un peu plus t\u00f4t, mais c&#8217;\u00e9tait sans compter sur le temps magnifique que nous r\u00e9servait le week-end qui vient de s&#8217;\u00e9couler. Alors que les journ\u00e9es sont habituellement de plus en plus courtes et nettement plus fra\u00eeches en septembre, cette fois-ci l&#8217;\u00e9t\u00e9 semble avoir jou\u00e9 les [&hellip;]<\/p>\n","protected":false},"author":1,"featured_media":0,"parent":0,"menu_order":0,"comment_status":"open","ping_status":"open","template":"","meta":{"_acf_changed":false,"_monsterinsights_skip_tracking":false,"_monsterinsights_sitenote_active":false,"_monsterinsights_sitenote_note":"","_monsterinsights_sitenote_category":0,"footnotes":""},"categories":[],"tags":[],"class_list":["post-28846","page","type-page","status-publish","hentry"],"acf":[],"yoast_head":"<!-- This site is optimized with the Yoast SEO Premium plugin v27.4 (Yoast SEO v27.4) - https:\/\/yoast.com\/product\/yoast-seo-premium-wordpress\/ -->\n<title>L&#039;\u00e9trange soupe invent\u00e9e par mon anc\u00eatre - Del&#039;s cooking twist<\/title>\n<meta name=\"robots\" content=\"index, follow, max-snippet:-1, max-image-preview:large, max-video-preview:-1\" \/>\n<link rel=\"canonical\" href=\"https:\/\/www.delscookingtwist.com\/fr\/letrange-soupe-inventee-par-mon-ancetre\/\" \/>\n<meta property=\"og:locale\" content=\"fr_FR\" \/>\n<meta property=\"og:type\" content=\"article\" \/>\n<meta property=\"og:title\" content=\"L&#039;\u00e9trange soupe invent\u00e9e par mon anc\u00eatre\" \/>\n<meta property=\"og:description\" content=\"J&#8217;avais l&#8217;intention de vous d\u00e9voiler le secret de la soupe un peu plus t\u00f4t, mais c&#8217;\u00e9tait sans compter sur le temps magnifique que nous r\u00e9servait le week-end qui vient de s&#8217;\u00e9couler. Alors que les journ\u00e9es sont habituellement de plus en plus courtes et nettement plus fra\u00eeches en septembre, cette fois-ci l&#8217;\u00e9t\u00e9 semble avoir jou\u00e9 les [&hellip;]\" \/>\n<meta property=\"og:url\" content=\"https:\/\/www.delscookingtwist.com\/fr\/letrange-soupe-inventee-par-mon-ancetre\/\" \/>\n<meta property=\"og:site_name\" content=\"Del&#039;s cooking twist\" \/>\n<meta property=\"article:publisher\" content=\"https:\/\/www.facebook.com\/pages\/Dels-cooking-twist\/158928514282620\" \/>\n<meta property=\"article:modified_time\" content=\"2021-04-19T20:42:33+00:00\" \/>\n<meta property=\"og:image\" content=\"https:\/\/www.delscookingtwist.com\/wp-content\/uploads\/2013\/09\/turtle_by_dorrenyta-d429ers2.jpg\" \/>\n\t<meta property=\"og:image:width\" content=\"900\" \/>\n\t<meta property=\"og:image:height\" content=\"657\" \/>\n\t<meta property=\"og:image:type\" content=\"image\/jpeg\" \/>\n<meta name=\"twitter:card\" content=\"summary_large_image\" \/>\n<meta name=\"twitter:site\" content=\"@delstwist\" \/>\n<meta name=\"twitter:label1\" content=\"Dur\u00e9e de lecture estim\u00e9e\" \/>\n\t<meta name=\"twitter:data1\" content=\"2 minutes\" \/>\n<script type=\"application\/ld+json\" class=\"yoast-schema-graph\">{\"@context\":\"https:\\\/\\\/schema.org\",\"@graph\":[{\"@type\":\"WebPage\",\"@id\":\"https:\\\/\\\/www.delscookingtwist.com\\\/fr\\\/letrange-soupe-inventee-par-mon-ancetre\\\/\",\"url\":\"https:\\\/\\\/www.delscookingtwist.com\\\/fr\\\/letrange-soupe-inventee-par-mon-ancetre\\\/\",\"name\":\"L'\u00e9trange soupe invent\u00e9e par mon anc\u00eatre - Del&#039;s cooking twist\",\"isPartOf\":{\"@id\":\"https:\\\/\\\/www.delscookingtwist.com\\\/fr\\\/#website\"},\"primaryImageOfPage\":{\"@id\":\"https:\\\/\\\/www.delscookingtwist.com\\\/fr\\\/letrange-soupe-inventee-par-mon-ancetre\\\/#primaryimage\"},\"image\":{\"@id\":\"https:\\\/\\\/www.delscookingtwist.com\\\/fr\\\/letrange-soupe-inventee-par-mon-ancetre\\\/#primaryimage\"},\"thumbnailUrl\":\"https:\\\/\\\/www.delscookingtwist.com\\\/wp-content\\\/uploads\\\/2013\\\/09\\\/turtle_by_dorrenyta-d429ers2-300x150.jpg\",\"datePublished\":\"2013-09-09T04:51:08+00:00\",\"dateModified\":\"2021-04-19T20:42:33+00:00\",\"breadcrumb\":{\"@id\":\"https:\\\/\\\/www.delscookingtwist.com\\\/fr\\\/letrange-soupe-inventee-par-mon-ancetre\\\/#breadcrumb\"},\"inLanguage\":\"fr-FR\",\"potentialAction\":[{\"@type\":\"ReadAction\",\"target\":[\"https:\\\/\\\/www.delscookingtwist.com\\\/fr\\\/letrange-soupe-inventee-par-mon-ancetre\\\/\"]}]},{\"@type\":\"ImageObject\",\"inLanguage\":\"fr-FR\",\"@id\":\"https:\\\/\\\/www.delscookingtwist.com\\\/fr\\\/letrange-soupe-inventee-par-mon-ancetre\\\/#primaryimage\",\"url\":\"https:\\\/\\\/www.delscookingtwist.com\\\/wp-content\\\/uploads\\\/2013\\\/09\\\/turtle_by_dorrenyta-d429ers2-300x150.jpg\",\"contentUrl\":\"https:\\\/\\\/www.delscookingtwist.com\\\/wp-content\\\/uploads\\\/2013\\\/09\\\/turtle_by_dorrenyta-d429ers2-300x150.jpg\"},{\"@type\":\"BreadcrumbList\",\"@id\":\"https:\\\/\\\/www.delscookingtwist.com\\\/fr\\\/letrange-soupe-inventee-par-mon-ancetre\\\/#breadcrumb\",\"itemListElement\":[{\"@type\":\"ListItem\",\"position\":1,\"name\":\"Accueil\",\"item\":\"https:\\\/\\\/www.delscookingtwist.com\\\/fr\\\/\"},{\"@type\":\"ListItem\",\"position\":2,\"name\":\"L&#8217;\u00e9trange soupe invent\u00e9e par mon anc\u00eatre\"}]},{\"@type\":\"WebSite\",\"@id\":\"https:\\\/\\\/www.delscookingtwist.com\\\/fr\\\/#website\",\"url\":\"https:\\\/\\\/www.delscookingtwist.com\\\/fr\\\/\",\"name\":\"Del&#039;s cooking twist\",\"description\":\"Plant-based | Wholesome | Organic\",\"publisher\":{\"@id\":\"https:\\\/\\\/www.delscookingtwist.com\\\/fr\\\/#organization\"},\"potentialAction\":[{\"@type\":\"SearchAction\",\"target\":{\"@type\":\"EntryPoint\",\"urlTemplate\":\"https:\\\/\\\/www.delscookingtwist.com\\\/fr\\\/?s={search_term_string}\"},\"query-input\":{\"@type\":\"PropertyValueSpecification\",\"valueRequired\":true,\"valueName\":\"search_term_string\"}}],\"inLanguage\":\"fr-FR\"},{\"@type\":\"Organization\",\"@id\":\"https:\\\/\\\/www.delscookingtwist.com\\\/fr\\\/#organization\",\"name\":\"Del's cooking twist\",\"url\":\"https:\\\/\\\/www.delscookingtwist.com\\\/fr\\\/\",\"logo\":{\"@type\":\"ImageObject\",\"inLanguage\":\"fr-FR\",\"@id\":\"https:\\\/\\\/www.delscookingtwist.com\\\/fr\\\/#\\\/schema\\\/logo\\\/image\\\/\",\"url\":\"https:\\\/\\\/www.delscookingtwist.com\\\/wp-content\\\/uploads\\\/2021\\\/04\\\/Del_sCookingTwist-1200x1200-1.png\",\"contentUrl\":\"https:\\\/\\\/www.delscookingtwist.com\\\/wp-content\\\/uploads\\\/2021\\\/04\\\/Del_sCookingTwist-1200x1200-1.png\",\"width\":1200,\"height\":1200,\"caption\":\"Del's cooking twist\"},\"image\":{\"@id\":\"https:\\\/\\\/www.delscookingtwist.com\\\/fr\\\/#\\\/schema\\\/logo\\\/image\\\/\"},\"sameAs\":[\"https:\\\/\\\/www.facebook.com\\\/pages\\\/Dels-cooking-twist\\\/158928514282620\",\"https:\\\/\\\/x.com\\\/delstwist\",\"https:\\\/\\\/instagram.com\\\/delscookingtwist\",\"https:\\\/\\\/www.linkedin.com\\\/company\\\/15256060\\\/\",\"https:\\\/\\\/www.pinterest.com\\\/delstwist\\\/\",\"https:\\\/\\\/www.youtube.com\\\/channel\\\/UCX4VXKZduK2vq8vYIe4IxwQ\"]}]}<\/script>\n<!-- \/ Yoast SEO Premium plugin. -->","yoast_head_json":{"title":"L'\u00e9trange soupe invent\u00e9e par mon anc\u00eatre - Del&#039;s cooking twist","robots":{"index":"index","follow":"follow","max-snippet":"max-snippet:-1","max-image-preview":"max-image-preview:large","max-video-preview":"max-video-preview:-1"},"canonical":"https:\/\/www.delscookingtwist.com\/fr\/letrange-soupe-inventee-par-mon-ancetre\/","og_locale":"fr_FR","og_type":"article","og_title":"L'\u00e9trange soupe invent\u00e9e par mon anc\u00eatre","og_description":"J&#8217;avais l&#8217;intention de vous d\u00e9voiler le secret de la soupe un peu plus t\u00f4t, mais c&#8217;\u00e9tait sans compter sur le temps magnifique que nous r\u00e9servait le week-end qui vient de s&#8217;\u00e9couler. Alors que les journ\u00e9es sont habituellement de plus en plus courtes et nettement plus fra\u00eeches en septembre, cette fois-ci l&#8217;\u00e9t\u00e9 semble avoir jou\u00e9 les [&hellip;]","og_url":"https:\/\/www.delscookingtwist.com\/fr\/letrange-soupe-inventee-par-mon-ancetre\/","og_site_name":"Del&#039;s cooking twist","article_publisher":"https:\/\/www.facebook.com\/pages\/Dels-cooking-twist\/158928514282620","article_modified_time":"2021-04-19T20:42:33+00:00","og_image":[{"width":900,"height":657,"url":"https:\/\/www.delscookingtwist.com\/wp-content\/uploads\/2013\/09\/turtle_by_dorrenyta-d429ers2.jpg","type":"image\/jpeg"}],"twitter_card":"summary_large_image","twitter_site":"@delstwist","twitter_misc":{"Dur\u00e9e de lecture estim\u00e9e":"2 minutes"},"schema":{"@context":"https:\/\/schema.org","@graph":[{"@type":"WebPage","@id":"https:\/\/www.delscookingtwist.com\/fr\/letrange-soupe-inventee-par-mon-ancetre\/","url":"https:\/\/www.delscookingtwist.com\/fr\/letrange-soupe-inventee-par-mon-ancetre\/","name":"L'\u00e9trange soupe invent\u00e9e par mon anc\u00eatre - Del&#039;s cooking twist","isPartOf":{"@id":"https:\/\/www.delscookingtwist.com\/fr\/#website"},"primaryImageOfPage":{"@id":"https:\/\/www.delscookingtwist.com\/fr\/letrange-soupe-inventee-par-mon-ancetre\/#primaryimage"},"image":{"@id":"https:\/\/www.delscookingtwist.com\/fr\/letrange-soupe-inventee-par-mon-ancetre\/#primaryimage"},"thumbnailUrl":"https:\/\/www.delscookingtwist.com\/wp-content\/uploads\/2013\/09\/turtle_by_dorrenyta-d429ers2-300x150.jpg","datePublished":"2013-09-09T04:51:08+00:00","dateModified":"2021-04-19T20:42:33+00:00","breadcrumb":{"@id":"https:\/\/www.delscookingtwist.com\/fr\/letrange-soupe-inventee-par-mon-ancetre\/#breadcrumb"},"inLanguage":"fr-FR","potentialAction":[{"@type":"ReadAction","target":["https:\/\/www.delscookingtwist.com\/fr\/letrange-soupe-inventee-par-mon-ancetre\/"]}]},{"@type":"ImageObject","inLanguage":"fr-FR","@id":"https:\/\/www.delscookingtwist.com\/fr\/letrange-soupe-inventee-par-mon-ancetre\/#primaryimage","url":"https:\/\/www.delscookingtwist.com\/wp-content\/uploads\/2013\/09\/turtle_by_dorrenyta-d429ers2-300x150.jpg","contentUrl":"https:\/\/www.delscookingtwist.com\/wp-content\/uploads\/2013\/09\/turtle_by_dorrenyta-d429ers2-300x150.jpg"},{"@type":"BreadcrumbList","@id":"https:\/\/www.delscookingtwist.com\/fr\/letrange-soupe-inventee-par-mon-ancetre\/#breadcrumb","itemListElement":[{"@type":"ListItem","position":1,"name":"Accueil","item":"https:\/\/www.delscookingtwist.com\/fr\/"},{"@type":"ListItem","position":2,"name":"L&#8217;\u00e9trange soupe invent\u00e9e par mon anc\u00eatre"}]},{"@type":"WebSite","@id":"https:\/\/www.delscookingtwist.com\/fr\/#website","url":"https:\/\/www.delscookingtwist.com\/fr\/","name":"Del&#039;s cooking twist","description":"Plant-based | Wholesome | Organic","publisher":{"@id":"https:\/\/www.delscookingtwist.com\/fr\/#organization"},"potentialAction":[{"@type":"SearchAction","target":{"@type":"EntryPoint","urlTemplate":"https:\/\/www.delscookingtwist.com\/fr\/?s={search_term_string}"},"query-input":{"@type":"PropertyValueSpecification","valueRequired":true,"valueName":"search_term_string"}}],"inLanguage":"fr-FR"},{"@type":"Organization","@id":"https:\/\/www.delscookingtwist.com\/fr\/#organization","name":"Del's cooking twist","url":"https:\/\/www.delscookingtwist.com\/fr\/","logo":{"@type":"ImageObject","inLanguage":"fr-FR","@id":"https:\/\/www.delscookingtwist.com\/fr\/#\/schema\/logo\/image\/","url":"https:\/\/www.delscookingtwist.com\/wp-content\/uploads\/2021\/04\/Del_sCookingTwist-1200x1200-1.png","contentUrl":"https:\/\/www.delscookingtwist.com\/wp-content\/uploads\/2021\/04\/Del_sCookingTwist-1200x1200-1.png","width":1200,"height":1200,"caption":"Del's cooking twist"},"image":{"@id":"https:\/\/www.delscookingtwist.com\/fr\/#\/schema\/logo\/image\/"},"sameAs":["https:\/\/www.facebook.com\/pages\/Dels-cooking-twist\/158928514282620","https:\/\/x.com\/delstwist","https:\/\/instagram.com\/delscookingtwist","https:\/\/www.linkedin.com\/company\/15256060\/","https:\/\/www.pinterest.com\/delstwist\/","https:\/\/www.youtube.com\/channel\/UCX4VXKZduK2vq8vYIe4IxwQ"]}]}},"_links":{"self":[{"href":"https:\/\/www.delscookingtwist.com\/fr\/wp-json\/wp\/v2\/pages\/28846","targetHints":{"allow":["GET"]}}],"collection":[{"href":"https:\/\/www.delscookingtwist.com\/fr\/wp-json\/wp\/v2\/pages"}],"about":[{"href":"https:\/\/www.delscookingtwist.com\/fr\/wp-json\/wp\/v2\/types\/page"}],"author":[{"embeddable":true,"href":"https:\/\/www.delscookingtwist.com\/fr\/wp-json\/wp\/v2\/users\/1"}],"replies":[{"embeddable":true,"href":"https:\/\/www.delscookingtwist.com\/fr\/wp-json\/wp\/v2\/comments?post=28846"}],"version-history":[{"count":0,"href":"https:\/\/www.delscookingtwist.com\/fr\/wp-json\/wp\/v2\/pages\/28846\/revisions"}],"wp:attachment":[{"href":"https:\/\/www.delscookingtwist.com\/fr\/wp-json\/wp\/v2\/media?parent=28846"}],"wp:term":[{"taxonomy":"category","embeddable":true,"href":"https:\/\/www.delscookingtwist.com\/fr\/wp-json\/wp\/v2\/categories?post=28846"},{"taxonomy":"post_tag","embeddable":true,"href":"https:\/\/www.delscookingtwist.com\/fr\/wp-json\/wp\/v2\/tags?post=28846"}],"curies":[{"name":"wp","href":"https:\/\/api.w.org\/{rel}","templated":true}]}}